{"id":42487,"date":"2023-09-09T13:19:12","date_gmt":"2023-09-09T10:19:12","guid":{"rendered":"https:\/\/home.kab.info\/gastos-del-proyecto\/"},"modified":"2023-09-09T13:44:09","modified_gmt":"2023-09-09T10:44:09","slug":"gastos-del-proyecto","status":"publish","type":"page","link":"https:\/\/home.kab.info\/es\/gastos-del-proyecto\/","title":{"rendered":"Gastos del proyecto"},"content":{"rendered":"\t\t<div data-elementor-type=\"wp-page\" data-elementor-id=\"42487\" class=\"elementor elementor-42487 elementor-42341\" data-elementor-post-type=\"page\">\n\t\t\t\t<div class=\"elementor-element elementor-element-755fa7a e-con-full e-flex e-con e-parent\" data-id=\"755fa7a\" data-element_type=\"container\" data-e-type=\"container\" data-settings=\"{&quot;background_background&quot;:&quot;classic&quot;,&quot;shape_divider_bottom_negative&quot;:&quot;yes&quot;,&quot;shape_divider_bottom&quot;:&quot;curve&quot;}\">\n\t\t\t\t<div class=\"elementor-shape elementor-shape-bottom\" aria-hidden=\"true\" data-negative=\"true\">\n\t\t\t<svg xmlns=\"http:\/\/www.w3.org\/2000\/svg\" viewBox=\"0 0 1000 100\" preserveAspectRatio=\"none\">\n\t<path class=\"elementor-shape-fill\" d=\"M500,97C126.7,96.3,0.8,19.8,0,0v100l1000,0V1C1000,19.4,873.3,97.8,500,97z\"\/>\n<\/svg>\t\t<\/div>\n\t\t\t\t<\/div>\n\t\t<div class=\"elementor-element elementor-element-0e65587 e-con-full e-flex e-con e-parent\" data-id=\"0e65587\" data-element_type=\"container\" data-e-type=\"container\">\n\t\t\t\t<div class=\"elementor-element elementor-element-64f580b elementor-widget elementor-widget-heading\" data-id=\"64f580b\" data-element_type=\"widget\" data-e-type=\"widget\" data-widget_type=\"heading.default\">\n\t\t\t\t<div class=\"elementor-widget-container\">\n\t\t\t\t\t<h2 class=\"elementor-heading-title elementor-size-default\">Gastos del Proyecto<\/h2>\t\t\t\t<\/div>\n\t\t\t\t<\/div>\n\t\t\t\t<div class=\"elementor-element elementor-element-48c09e4 elementor-widget-divider--view-line elementor-widget elementor-widget-divider\" data-id=\"48c09e4\" data-element_type=\"widget\" data-e-type=\"widget\" data-widget_type=\"divider.default\">\n\t\t\t\t<div class=\"elementor-widget-container\">\n\t\t\t\t\t\t\t<div class=\"elementor-divider\">\n\t\t\t<span class=\"elementor-divider-separator\">\n\t\t\t\t\t\t<\/span>\n\t\t<\/div>\n\t\t\t\t\t\t<\/div>\n\t\t\t\t<\/div>\n\t\t\t\t<\/div>\n\t\t<div class=\"elementor-element elementor-element-d1ad5c2 e-con-full e-flex e-con e-parent\" data-id=\"d1ad5c2\" data-element_type=\"container\" data-e-type=\"container\">\n\t\t<div class=\"elementor-element elementor-element-d108239 e-con-full e-flex e-con e-parent\" data-id=\"d108239\" data-element_type=\"container\" data-e-type=\"container\">\n\t\t<div class=\"elementor-element elementor-element-1d709a2 e-con-full e-flex e-con e-parent\" data-id=\"1d709a2\" data-element_type=\"container\" data-e-type=\"container\">\n\t\t\t\t<div class=\"elementor-element elementor-element-49de659 elementor-widget elementor-widget-text-editor\" data-id=\"49de659\" data-element_type=\"widget\" data-e-type=\"widget\" data-widget_type=\"text-editor.default\">\n\t\t\t\t<div class=\"elementor-widget-container\">\n\t\t\t\t\t\t\t\t\t<p>En la tabla adjunta se detallan los diversos gastos del proyecto por etapas y en diferentes monedas (tasa de cambio: 1 shekel = 3,8 d\u00f3lares). Actualizaremos los datos a medida que avance el proyecto.<\/p>\t\t\t\t\t\t\t\t<\/div>\n\t\t\t\t<\/div>\n\t\t<div class=\"elementor-element elementor-element-94ee752 e-con-full e-flex e-con e-parent\" data-id=\"94ee752\" data-element_type=\"container\" data-e-type=\"container\">\n\t\t\t\t<div class=\"elementor-element elementor-element-61fc47e xpro-table-head-icon-left xpro-table-row-icon-right elementor-widget elementor-widget-xpro-table\" data-id=\"61fc47e\" data-element_type=\"widget\" data-e-type=\"widget\" data-widget_type=\"xpro-table.default\">\n\t\t\t\t<div class=\"elementor-widget-container\">\n\t\t\t\t\t<table class=\"xpro-table xpro-table-responsive\">\n\t<thead class=\"xpro-table-head\">\n\t<tr class=\"xpro-table-head-row\">\n\t\t\t\t\t<th class=\"xpro-table-head-column-cell elementor-repeater-item-4f22bc1\">\n\t\t\t\t<div class=\"xpro-table-head-column-cell-inner\">\n\t\t\t\t\t<span class=\"xpro-table-head-column-cell-content\">Componentes del proyecto<\/span>\n\t\t\t\t\t\n\t\t\t\t\t\t\t\t\t<\/div>\n\t\t\t<\/th>\n\t\t\t\t\t<th class=\"xpro-table-head-column-cell elementor-repeater-item-5315cc1\">\n\t\t\t\t<div class=\"xpro-table-head-column-cell-inner\">\n\t\t\t\t\t<span class=\"xpro-table-head-column-cell-content\">Monto en NIS (\u20aa) <\/span>\n\t\t\t\t\t\n\t\t\t\t\t\t\t\t\t<\/div>\n\t\t\t<\/th>\n\t\t\t\t\t<th class=\"xpro-table-head-column-cell elementor-repeater-item-83daf33\">\n\t\t\t\t<div class=\"xpro-table-head-column-cell-inner\">\n\t\t\t\t\t<span class=\"xpro-table-head-column-cell-content\">Monto en USD ($) <\/span>\n\t\t\t\t\t\n\t\t\t\t\t\t\t\t\t<\/div>\n\t\t\t<\/th>\n\t\t\t<\/tr>\n\t<\/thead>\n\t<tbody class=\"xpro-table-body\">\n\t\t\t<tr class=\"xpro-table-body-row\">\n\t\t\t\t\t\t\t\t<td class=\"xpro-table-body-row-cell elementor-repeater-item-5ac9690\" colspan=\"\">\n\t\t\t\t\t\t<div class=\"xpro-table-body-row-cell-inner\">\n\t\t\t\t\t\t\t\t\t\t\t\t\t\t<span class=\"xpro-table-body-row-cell-content\">\n\t\t\t\t\t\t\t\tEl dise\u00f1o de un espacio en la planta baja capaz de acomodar a m\u00e1s de 2,000 personas en condiciones \u00f3ptimas adecuadas para lecciones, comidas y congresos. La renovaci\u00f3n del \u00e1rea del comedor implica: erigir una pared de concreto, instalar persianas ac\u00fasticas el\u00e9ctricas, implementar un nuevo sistema de aire acondicionado y construir paredes de partici\u00f3n para aislar la instalaci\u00f3n. Incorporaci\u00f3n de sistemas de detecci\u00f3n y extinci\u00f3n de incendios. Demolici\u00f3n de la partici\u00f3n entre el peque\u00f1o comedor y el comedor e incorporaci\u00f3n de una partici\u00f3n ac\u00fastica.\t\t\t\t\t\t\t<\/span>\n\t\t\t\t\t\t\t\n\t\t\t\t\t\t\t\t\t\t\t\t\t\t\t\t\t\t\t\t<\/div>\n\t\t\t\t\t<\/td>\n\t\t\t\t\t\t\t\t\t\t<td class=\"xpro-table-body-row-cell elementor-repeater-item-84a0c67\" colspan=\"\">\n\t\t\t\t\t\t<div class=\"xpro-table-body-row-cell-inner\">\n\t\t\t\t\t\t\t\t\t\t\t\t\t\t<span class=\"xpro-table-body-row-cell-content\">\n\t\t\t\t\t\t\t\t\u20aa2,000,000\t\t\t\t\t\t\t<\/span>\n\t\t\t\t\t\t\t\n\t\t\t\t\t\t\t\t\t\t\t\t\t\t\t\t\t\t\t\t<\/div>\n\t\t\t\t\t<\/td>\n\t\t\t\t\t\t\t\t\t\t<td class=\"xpro-table-body-row-cell elementor-repeater-item-6af79f6\" colspan=\"\">\n\t\t\t\t\t\t<div class=\"xpro-table-body-row-cell-inner\">\n\t\t\t\t\t\t\t\t\t\t\t\t\t\t<span class=\"xpro-table-body-row-cell-content\">\n\t\t\t\t\t\t\t\t$526,316\t\t\t\t\t\t\t<\/span>\n\t\t\t\t\t\t\t\n\t\t\t\t\t\t\t\t\t\t\t\t\t\t\t\t\t\t\t\t<\/div>\n\t\t\t\t\t<\/td>\n\t\t\t\t\t\t\t<\/tr>\n\t\t\t<tr class=\"xpro-table-body-row\">\n\t\t\t\t\t\t\t\t<td class=\"xpro-table-body-row-cell elementor-repeater-item-7bf8ecb\" colspan=\"\">\n\t\t\t\t\t\t<div class=\"xpro-table-body-row-cell-inner\">\n\t\t\t\t\t\t\t\t\t\t\t\t\t\t<span class=\"xpro-table-body-row-cell-content\">\n\t\t\t\t\t\t\t\tCompra de un nuevo enfriador.\t\t\t\t\t\t\t<\/span>\n\t\t\t\t\t\t\t\n\t\t\t\t\t\t\t\t\t\t\t\t\t\t\t\t\t\t\t\t<\/div>\n\t\t\t\t\t<\/td>\n\t\t\t\t\t\t\t\t\t\t<td class=\"xpro-table-body-row-cell elementor-repeater-item-0e19616\" colspan=\"\">\n\t\t\t\t\t\t<div class=\"xpro-table-body-row-cell-inner\">\n\t\t\t\t\t\t\t\t\t\t\t\t\t\t<span class=\"xpro-table-body-row-cell-content\">\n\t\t\t\t\t\t\t\t\u20aa300,000\t\t\t\t\t\t\t<\/span>\n\t\t\t\t\t\t\t\n\t\t\t\t\t\t\t\t\t\t\t\t\t\t\t\t\t\t\t\t<\/div>\n\t\t\t\t\t<\/td>\n\t\t\t\t\t\t\t\t\t\t<td class=\"xpro-table-body-row-cell elementor-repeater-item-2c956cb\" colspan=\"\">\n\t\t\t\t\t\t<div class=\"xpro-table-body-row-cell-inner\">\n\t\t\t\t\t\t\t\t\t\t\t\t\t\t<span class=\"xpro-table-body-row-cell-content\">\n\t\t\t\t\t\t\t\t$78,947\t\t\t\t\t\t\t<\/span>\n\t\t\t\t\t\t\t\n\t\t\t\t\t\t\t\t\t\t\t\t\t\t\t\t\t\t\t\t<\/div>\n\t\t\t\t\t<\/td>\n\t\t\t\t\t\t\t<\/tr>\n\t\t\t<tr class=\"xpro-table-body-row\">\n\t\t\t\t\t\t\t\t<td class=\"xpro-table-body-row-cell elementor-repeater-item-58eb661\" colspan=\"\">\n\t\t\t\t\t\t<div class=\"xpro-table-body-row-cell-inner\">\n\t\t\t\t\t\t\t\t\t\t\t\t\t\t<span class=\"xpro-table-body-row-cell-content\">\n\t\t\t\t\t\t\t\tReemplazo del aislamiento para la tuber\u00eda de los sistemas de enfriamiento (enfriadores).\t\t\t\t\t\t\t<\/span>\n\t\t\t\t\t\t\t\n\t\t\t\t\t\t\t\t\t\t\t\t\t\t\t\t\t\t\t\t<\/div>\n\t\t\t\t\t<\/td>\n\t\t\t\t\t\t\t\t\t\t<td class=\"xpro-table-body-row-cell elementor-repeater-item-e762497\" colspan=\"\">\n\t\t\t\t\t\t<div class=\"xpro-table-body-row-cell-inner\">\n\t\t\t\t\t\t\t\t\t\t\t\t\t\t<span class=\"xpro-table-body-row-cell-content\">\n\t\t\t\t\t\t\t\t\u20aa250,000\t\t\t\t\t\t\t<\/span>\n\t\t\t\t\t\t\t\n\t\t\t\t\t\t\t\t\t\t\t\t\t\t\t\t\t\t\t\t<\/div>\n\t\t\t\t\t<\/td>\n\t\t\t\t\t\t\t\t\t\t<td class=\"xpro-table-body-row-cell elementor-repeater-item-43e6d3a\" colspan=\"\">\n\t\t\t\t\t\t<div class=\"xpro-table-body-row-cell-inner\">\n\t\t\t\t\t\t\t\t\t\t\t\t\t\t<span class=\"xpro-table-body-row-cell-content\">\n\t\t\t\t\t\t\t\t$65,789\t\t\t\t\t\t\t<\/span>\n\t\t\t\t\t\t\t\n\t\t\t\t\t\t\t\t\t\t\t\t\t\t\t\t\t\t\t\t<\/div>\n\t\t\t\t\t<\/td>\n\t\t\t\t\t\t\t<\/tr>\n\t\t\t<tr class=\"xpro-table-body-row\">\n\t\t\t\t\t\t\t\t<td class=\"xpro-table-body-row-cell elementor-repeater-item-31972b2\" colspan=\"\">\n\t\t\t\t\t\t<div class=\"xpro-table-body-row-cell-inner\">\n\t\t\t\t\t\t\t\t\t\t\t\t\t\t<span class=\"xpro-table-body-row-cell-content\">\n\t\t\t\t\t\t\t\tActualizaci\u00f3n de los sistemas tecnol\u00f3gicos en el espacio ampliado: instalaci\u00f3n de iluminaci\u00f3n, pantallas y altavoces.\t\t\t\t\t\t\t<\/span>\n\t\t\t\t\t\t\t\n\t\t\t\t\t\t\t\t\t\t\t\t\t\t\t\t\t\t\t\t<\/div>\n\t\t\t\t\t<\/td>\n\t\t\t\t\t\t\t\t\t\t<td class=\"xpro-table-body-row-cell elementor-repeater-item-286029c\" colspan=\"\">\n\t\t\t\t\t\t<div class=\"xpro-table-body-row-cell-inner\">\n\t\t\t\t\t\t\t\t\t\t\t\t\t\t<span class=\"xpro-table-body-row-cell-content\">\n\t\t\t\t\t\t\t\t\u20aa350,000\t\t\t\t\t\t\t<\/span>\n\t\t\t\t\t\t\t\n\t\t\t\t\t\t\t\t\t\t\t\t\t\t\t\t\t\t\t\t<\/div>\n\t\t\t\t\t<\/td>\n\t\t\t\t\t\t\t\t\t\t<td class=\"xpro-table-body-row-cell elementor-repeater-item-a79ee81\" colspan=\"\">\n\t\t\t\t\t\t<div class=\"xpro-table-body-row-cell-inner\">\n\t\t\t\t\t\t\t\t\t\t\t\t\t\t<span class=\"xpro-table-body-row-cell-content\">\n\t\t\t\t\t\t\t\t$92,105\t\t\t\t\t\t\t<\/span>\n\t\t\t\t\t\t\t\n\t\t\t\t\t\t\t\t\t\t\t\t\t\t\t\t\t\t\t\t<\/div>\n\t\t\t\t\t<\/td>\n\t\t\t\t\t\t\t<\/tr>\n\t\t\t<tr class=\"xpro-table-body-row\">\n\t\t\t\t\t\t\t\t<td class=\"xpro-table-body-row-cell elementor-repeater-item-fb944d7\" colspan=\"\">\n\t\t\t\t\t\t<div class=\"xpro-table-body-row-cell-inner\">\n\t\t\t\t\t\t\t\t\t\t\t\t\t\t<span class=\"xpro-table-body-row-cell-content\">\n\t\t\t\t\t\t\t\tActualizaci\u00f3n del sistema de control y las c\u00e1maras de seguridad.\t\t\t\t\t\t\t<\/span>\n\t\t\t\t\t\t\t\n\t\t\t\t\t\t\t\t\t\t\t\t\t\t\t\t\t\t\t\t<\/div>\n\t\t\t\t\t<\/td>\n\t\t\t\t\t\t\t\t\t\t<td class=\"xpro-table-body-row-cell elementor-repeater-item-4ba49cd\" colspan=\"\">\n\t\t\t\t\t\t<div class=\"xpro-table-body-row-cell-inner\">\n\t\t\t\t\t\t\t\t\t\t\t\t\t\t<span class=\"xpro-table-body-row-cell-content\">\n\t\t\t\t\t\t\t\t\u20aa150,000\t\t\t\t\t\t\t<\/span>\n\t\t\t\t\t\t\t\n\t\t\t\t\t\t\t\t\t\t\t\t\t\t\t\t\t\t\t\t<\/div>\n\t\t\t\t\t<\/td>\n\t\t\t\t\t\t\t\t\t\t<td class=\"xpro-table-body-row-cell elementor-repeater-item-bc07959\" colspan=\"\">\n\t\t\t\t\t\t<div class=\"xpro-table-body-row-cell-inner\">\n\t\t\t\t\t\t\t\t\t\t\t\t\t\t<span class=\"xpro-table-body-row-cell-content\">\n\t\t\t\t\t\t\t\t$39,474\t\t\t\t\t\t\t<\/span>\n\t\t\t\t\t\t\t\n\t\t\t\t\t\t\t\t\t\t\t\t\t\t\t\t\t\t\t\t<\/div>\n\t\t\t\t\t<\/td>\n\t\t\t\t\t\t\t<\/tr>\n\t\t\t<tr class=\"xpro-table-body-row\">\n\t\t\t\t\t\t\t\t<td class=\"xpro-table-body-row-cell elementor-repeater-item-9bba6fd\" colspan=\"\">\n\t\t\t\t\t\t<div class=\"xpro-table-body-row-cell-inner\">\n\t\t\t\t\t\t\t\t\t\t\t\t\t\t<span class=\"xpro-table-body-row-cell-content\">\n\t\t\t\t\t\t\t\tSellado del techo para evitar que la lluvia se filtre en el invierno.\t\t\t\t\t\t\t<\/span>\n\t\t\t\t\t\t\t\n\t\t\t\t\t\t\t\t\t\t\t\t\t\t\t\t\t\t\t\t<\/div>\n\t\t\t\t\t<\/td>\n\t\t\t\t\t\t\t\t\t\t<td class=\"xpro-table-body-row-cell elementor-repeater-item-d6f806c\" colspan=\"\">\n\t\t\t\t\t\t<div class=\"xpro-table-body-row-cell-inner\">\n\t\t\t\t\t\t\t\t\t\t\t\t\t\t<span class=\"xpro-table-body-row-cell-content\">\n\t\t\t\t\t\t\t\t\u20aa40,000\t\t\t\t\t\t\t<\/span>\n\t\t\t\t\t\t\t\n\t\t\t\t\t\t\t\t\t\t\t\t\t\t\t\t\t\t\t\t<\/div>\n\t\t\t\t\t<\/td>\n\t\t\t\t\t\t\t\t\t\t<td class=\"xpro-table-body-row-cell elementor-repeater-item-1c433ac\" colspan=\"\">\n\t\t\t\t\t\t<div class=\"xpro-table-body-row-cell-inner\">\n\t\t\t\t\t\t\t\t\t\t\t\t\t\t<span class=\"xpro-table-body-row-cell-content\">\n\t\t\t\t\t\t\t\t$10,526\t\t\t\t\t\t\t<\/span>\n\t\t\t\t\t\t\t\n\t\t\t\t\t\t\t\t\t\t\t\t\t\t\t\t\t\t\t\t<\/div>\n\t\t\t\t\t<\/td>\n\t\t\t\t\t\t\t<\/tr>\n\t\t\t<tr class=\"xpro-table-body-row\">\n\t\t\t\t\t\t\t\t<td class=\"xpro-table-body-row-cell elementor-repeater-item-afa597f\" colspan=\"\">\n\t\t\t\t\t\t<div class=\"xpro-table-body-row-cell-inner\">\n\t\t\t\t\t\t\t\t\t\t\t\t\t\t<span class=\"xpro-table-body-row-cell-content\">\n\t\t\t\t\t\t\t\tRenovation of the showers to improve the accommodation conditions.\t\t\t\t\t\t\t<\/span>\n\t\t\t\t\t\t\t\n\t\t\t\t\t\t\t\t\t\t\t\t\t\t\t\t\t\t\t\t<\/div>\n\t\t\t\t\t<\/td>\n\t\t\t\t\t\t\t\t\t\t<td class=\"xpro-table-body-row-cell elementor-repeater-item-32d1e0c\" colspan=\"\">\n\t\t\t\t\t\t<div class=\"xpro-table-body-row-cell-inner\">\n\t\t\t\t\t\t\t\t\t\t\t\t\t\t<span class=\"xpro-table-body-row-cell-content\">\n\t\t\t\t\t\t\t\t\u20aa15,000\t\t\t\t\t\t\t<\/span>\n\t\t\t\t\t\t\t\n\t\t\t\t\t\t\t\t\t\t\t\t\t\t\t\t\t\t\t\t<\/div>\n\t\t\t\t\t<\/td>\n\t\t\t\t\t\t\t\t\t\t<td class=\"xpro-table-body-row-cell elementor-repeater-item-24312b6\" colspan=\"\">\n\t\t\t\t\t\t<div class=\"xpro-table-body-row-cell-inner\">\n\t\t\t\t\t\t\t\t\t\t\t\t\t\t<span class=\"xpro-table-body-row-cell-content\">\n\t\t\t\t\t\t\t\t$3,947\t\t\t\t\t\t\t<\/span>\n\t\t\t\t\t\t\t\n\t\t\t\t\t\t\t\t\t\t\t\t\t\t\t\t\t\t\t\t<\/div>\n\t\t\t\t\t<\/td>\n\t\t\t\t\t\t\t<\/tr>\n\t\t\t<tr class=\"xpro-table-body-row\">\n\t\t\t\t\t\t\t\t<td class=\"xpro-table-body-row-cell elementor-repeater-item-2d9e66e\" colspan=\"\">\n\t\t\t\t\t\t<div class=\"xpro-table-body-row-cell-inner\">\n\t\t\t\t\t\t\t\t\t\t\t\t\t\t<span class=\"xpro-table-body-row-cell-content\">\n\t\t\t\t\t\t\t\tRenovaci\u00f3n de las duchas para mejorar las condiciones de alojamiento.\t\t\t\t\t\t\t<\/span>\n\t\t\t\t\t\t\t\n\t\t\t\t\t\t\t\t\t\t\t\t\t\t\t\t\t\t\t\t<\/div>\n\t\t\t\t\t<\/td>\n\t\t\t\t\t\t\t\t\t\t<td class=\"xpro-table-body-row-cell elementor-repeater-item-b81a63a\" colspan=\"\">\n\t\t\t\t\t\t<div class=\"xpro-table-body-row-cell-inner\">\n\t\t\t\t\t\t\t\t\t\t\t\t\t\t<span class=\"xpro-table-body-row-cell-content\">\n\t\t\t\t\t\t\t\t\u20aa150,000\t\t\t\t\t\t\t<\/span>\n\t\t\t\t\t\t\t\n\t\t\t\t\t\t\t\t\t\t\t\t\t\t\t\t\t\t\t\t<\/div>\n\t\t\t\t\t<\/td>\n\t\t\t\t\t\t\t\t\t\t<td class=\"xpro-table-body-row-cell elementor-repeater-item-4e9acb2\" colspan=\"\">\n\t\t\t\t\t\t<div class=\"xpro-table-body-row-cell-inner\">\n\t\t\t\t\t\t\t\t\t\t\t\t\t\t<span class=\"xpro-table-body-row-cell-content\">\n\t\t\t\t\t\t\t\t$39,474\t\t\t\t\t\t\t<\/span>\n\t\t\t\t\t\t\t\n\t\t\t\t\t\t\t\t\t\t\t\t\t\t\t\t\t\t\t\t<\/div>\n\t\t\t\t\t<\/td>\n\t\t\t\t\t\t\t<\/tr>\n\t\t\t<tr class=\"xpro-table-body-row\">\n\t\t\t\t\t\t\t\t<td class=\"xpro-table-body-row-cell elementor-repeater-item-95b66d2\" colspan=\"\">\n\t\t\t\t\t\t<div class=\"xpro-table-body-row-cell-inner\">\n\t\t\t\t\t\t\t\t\t\t\t\t\t\t<span class=\"xpro-table-body-row-cell-content\">\n\t\t\t\t\t\t\t\tReemplazo de ascensores (se llevar\u00e1 a cabo despu\u00e9s del congreso).\t\t\t\t\t\t\t<\/span>\n\t\t\t\t\t\t\t\n\t\t\t\t\t\t\t\t\t\t\t\t\t\t\t\t\t\t\t\t<\/div>\n\t\t\t\t\t<\/td>\n\t\t\t\t\t\t\t\t\t\t<td class=\"xpro-table-body-row-cell elementor-repeater-item-abfc26f\" colspan=\"\">\n\t\t\t\t\t\t<div class=\"xpro-table-body-row-cell-inner\">\n\t\t\t\t\t\t\t\t\t\t\t\t\t\t<span class=\"xpro-table-body-row-cell-content\">\n\t\t\t\t\t\t\t\t\u20aa300,000\t\t\t\t\t\t\t<\/span>\n\t\t\t\t\t\t\t\n\t\t\t\t\t\t\t\t\t\t\t\t\t\t\t\t\t\t\t\t<\/div>\n\t\t\t\t\t<\/td>\n\t\t\t\t\t\t\t\t\t\t<td class=\"xpro-table-body-row-cell elementor-repeater-item-bf0c546\" colspan=\"\">\n\t\t\t\t\t\t<div class=\"xpro-table-body-row-cell-inner\">\n\t\t\t\t\t\t\t\t\t\t\t\t\t\t<span class=\"xpro-table-body-row-cell-content\">\n\t\t\t\t\t\t\t\t$78,947\t\t\t\t\t\t\t<\/span>\n\t\t\t\t\t\t\t\n\t\t\t\t\t\t\t\t\t\t\t\t\t\t\t\t\t\t\t\t<\/div>\n\t\t\t\t\t<\/td>\n\t\t\t\t\t\t\t<\/tr>\n\t\t\t<tr class=\"xpro-table-body-row\">\n\t\t\t\t\t\t\t\t<td class=\"xpro-table-body-row-cell elementor-repeater-item-36e3c55\" colspan=\"\">\n\t\t\t\t\t\t<div class=\"xpro-table-body-row-cell-inner\">\n\t\t\t\t\t\t\t\t\t\t\t\t\t\t<span class=\"xpro-table-body-row-cell-content\">\n\t\t\t\t\t\t\t\tTotals\t\t\t\t\t\t\t<\/span>\n\t\t\t\t\t\t\t\n\t\t\t\t\t\t\t\t\t\t\t\t\t\t\t\t\t\t\t\t<\/div>\n\t\t\t\t\t<\/td>\n\t\t\t\t\t\t\t\t\t\t<td class=\"xpro-table-body-row-cell elementor-repeater-item-cb8153a\" colspan=\"\">\n\t\t\t\t\t\t<div class=\"xpro-table-body-row-cell-inner\">\n\t\t\t\t\t\t\t\t\t\t\t\t\t\t<span class=\"xpro-table-body-row-cell-content\">\n\t\t\t\t\t\t\t\t\u20aa3,555,000\t\t\t\t\t\t\t<\/span>\n\t\t\t\t\t\t\t\n\t\t\t\t\t\t\t\t\t\t\t\t\t\t\t\t\t\t\t\t<\/div>\n\t\t\t\t\t<\/td>\n\t\t\t\t\t\t\t\t\t\t<td class=\"xpro-table-body-row-cell elementor-repeater-item-3517d6e\" colspan=\"\">\n\t\t\t\t\t\t<div class=\"xpro-table-body-row-cell-inner\">\n\t\t\t\t\t\t\t\t\t\t\t\t\t\t<span class=\"xpro-table-body-row-cell-content\">\n\t\t\t\t\t\t\t\t$935,526\t\t\t\t\t\t\t<\/span>\n\t\t\t\t\t\t\t\n\t\t\t\t\t\t\t\t\t\t\t\t\t\t\t\t\t\t\t\t<\/div>\n\t\t\t\t\t<\/td>\n\t\t\t\t\t\t\t<\/tr>\n\t\t<\/tbody>\n<\/table>\n\t\t\t\t<\/div>\n\t\t\t\t<\/div>\n\t\t\t\t<\/div>\n\t\t\t\t<div class=\"elementor-element elementor-element-77e19d2 elementor-widget elementor-widget-button\" data-id=\"77e19d2\" data-element_type=\"widget\" data-e-type=\"widget\" data-widget_type=\"button.default\">\n\t\t\t\t<div class=\"elementor-widget-container\">\n\t\t\t\t\t\t\t\t\t<div class=\"elementor-button-wrapper\">\n\t\t\t\t\t<a class=\"elementor-button elementor-button-link elementor-size-sm\" href=\"https:\/\/home.kab.info\/es\/contactanos-2\/\">\n\t\t\t\t\t\t<span class=\"elementor-button-content-wrapper\">\n\t\t\t\t\t\t\t\t\t<span class=\"elementor-button-text\">Cont\u00e1ctanos<\/span>\n\t\t\t\t\t<\/span>\n\t\t\t\t\t<\/a>\n\t\t\t\t<\/div>\n\t\t\t\t\t\t\t\t<\/div>\n\t\t\t\t<\/div>\n\t\t\t\t<\/div>\n\t\t\t\t<\/div>\n\t\t\t\t<\/div>\n\t\t\t\t<\/div>\n\t\t","protected":false},"excerpt":{"rendered":"<p>Gastos del Proyecto En la tabla adjunta se detallan los diversos gastos del proyecto por etapas y en diferentes monedas (tasa de cambio: 1 shekel = 3,8 d\u00f3lares). Actualizaremos los datos a medida que avance el proyecto. Componentes del proyecto Monto en NIS (\u20aa) Monto en USD ($) El dise\u00f1o de un espacio en la [&hellip;]<\/p>\n","protected":false},"author":18,"featured_media":40149,"parent":0,"menu_order":0,"comment_status":"closed","ping_status":"closed","template":"","meta":{"_acf_changed":false,"footnotes":""},"class_list":["post-42487","page","type-page","status-publish","has-post-thumbnail","hentry"],"acf":[],"_links":{"self":[{"href":"https:\/\/home.kab.info\/es\/wp-json\/wp\/v2\/pages\/42487","targetHints":{"allow":["GET"]}}],"collection":[{"href":"https:\/\/home.kab.info\/es\/wp-json\/wp\/v2\/pages"}],"about":[{"href":"https:\/\/home.kab.info\/es\/wp-json\/wp\/v2\/types\/page"}],"author":[{"embeddable":true,"href":"https:\/\/home.kab.info\/es\/wp-json\/wp\/v2\/users\/18"}],"replies":[{"embeddable":true,"href":"https:\/\/home.kab.info\/es\/wp-json\/wp\/v2\/comments?post=42487"}],"version-history":[{"count":11,"href":"https:\/\/home.kab.info\/es\/wp-json\/wp\/v2\/pages\/42487\/revisions"}],"predecessor-version":[{"id":42500,"href":"https:\/\/home.kab.info\/es\/wp-json\/wp\/v2\/pages\/42487\/revisions\/42500"}],"wp:featuredmedia":[{"embeddable":true,"href":"https:\/\/home.kab.info\/es\/wp-json\/wp\/v2\/media\/40149"}],"wp:attachment":[{"href":"https:\/\/home.kab.info\/es\/wp-json\/wp\/v2\/media?parent=42487"}],"curies":[{"name":"wp","href":"https:\/\/api.w.org\/{rel}","templated":true}]}}