{"id":41228,"date":"2023-09-01T17:31:42","date_gmt":"2023-09-01T14:31:42","guid":{"rendered":"https:\/\/home.kab.info\/sobre-el-proyecto\/"},"modified":"2023-09-05T04:37:39","modified_gmt":"2023-09-05T01:37:39","slug":"sobre-el-proyecto","status":"publish","type":"page","link":"https:\/\/home.kab.info\/es\/sobre-el-proyecto\/","title":{"rendered":"Sobre el proyecto"},"content":{"rendered":"\t\t<div data-elementor-type=\"wp-page\" data-elementor-id=\"41228\" class=\"elementor elementor-41228 elementor-40144\" data-elementor-post-type=\"page\">\n\t\t\t\t<div class=\"elementor-element elementor-element-755fa7a e-con-full e-flex e-con e-parent\" data-id=\"755fa7a\" data-element_type=\"container\" data-e-type=\"container\" data-settings=\"{&quot;background_background&quot;:&quot;classic&quot;,&quot;shape_divider_bottom_negative&quot;:&quot;yes&quot;,&quot;shape_divider_bottom&quot;:&quot;curve&quot;}\">\n\t\t\t\t<div class=\"elementor-shape elementor-shape-bottom\" aria-hidden=\"true\" data-negative=\"true\">\n\t\t\t<svg xmlns=\"http:\/\/www.w3.org\/2000\/svg\" viewBox=\"0 0 1000 100\" preserveAspectRatio=\"none\">\n\t<path class=\"elementor-shape-fill\" d=\"M500,97C126.7,96.3,0.8,19.8,0,0v100l1000,0V1C1000,19.4,873.3,97.8,500,97z\"\/>\n<\/svg>\t\t<\/div>\n\t\t\t\t<\/div>\n\t\t<div class=\"elementor-element elementor-element-1663059 e-con-full e-flex e-con e-parent\" data-id=\"1663059\" data-element_type=\"container\" data-e-type=\"container\">\n\t\t\t\t<div class=\"elementor-element elementor-element-625f8d3 elementor-widget elementor-widget-heading\" data-id=\"625f8d3\" data-element_type=\"widget\" data-e-type=\"widget\" data-widget_type=\"heading.default\">\n\t\t\t\t<div class=\"elementor-widget-container\">\n\t\t\t\t\t<h2 class=\"elementor-heading-title elementor-size-default\">Sobre el proyecto<\/h2>\t\t\t\t<\/div>\n\t\t\t\t<\/div>\n\t\t\t\t<div class=\"elementor-element elementor-element-05b28ae elementor-widget-divider--view-line elementor-widget elementor-widget-divider\" data-id=\"05b28ae\" data-element_type=\"widget\" data-e-type=\"widget\" data-widget_type=\"divider.default\">\n\t\t\t\t<div class=\"elementor-widget-container\">\n\t\t\t\t\t\t\t<div class=\"elementor-divider\">\n\t\t\t<span class=\"elementor-divider-separator\">\n\t\t\t\t\t\t<\/span>\n\t\t<\/div>\n\t\t\t\t\t\t<\/div>\n\t\t\t\t<\/div>\n\t\t\t\t<\/div>\n\t\t<div class=\"elementor-element elementor-element-d1ad5c2 e-con-full e-flex e-con e-parent\" data-id=\"d1ad5c2\" data-element_type=\"container\" data-e-type=\"container\">\n\t\t<div class=\"elementor-element elementor-element-d108239 e-con-full e-flex e-con e-parent\" data-id=\"d108239\" data-element_type=\"container\" data-e-type=\"container\">\n\t\t<div class=\"elementor-element elementor-element-1d709a2 e-con-full e-flex e-con e-parent\" data-id=\"1d709a2\" data-element_type=\"container\" data-e-type=\"container\">\n\t\t\t\t<div class=\"elementor-element elementor-element-fcafe23 elementor-widget elementor-widget-text-editor\" data-id=\"fcafe23\" data-element_type=\"widget\" data-e-type=\"widget\" data-widget_type=\"text-editor.default\">\n\t\t\t\t<div class=\"elementor-widget-container\">\n\t\t\t\t\t\t\t\t\t<p><b>Romper los muros que nos separan y abrir nuestros corazones<\/b><\/p><p><span style=\"font-weight: 400;\">Todos los padres saben que cuando esperan el nacimiento de un nuevo hijo en la familia, es se\u00f1al de que ha llegado el momento de renovar la casa. Empiezan a planificarlo todo de nuevo: derribar muros, ampliar habitaciones, encalar paredes, mejorar las infraestructuras y comprar muebles nuevos.<\/span><\/p><p><span style=\"font-weight: 400;\">Nuestra casa, la casa Bnei Baruj &#8211; Kabbalah La&#8217;am, ha sufrido muchos cambios cada vez que hemos crecido, con nuevos corazones que se han unido a nosotros.<\/span><\/p><p><span style=\"font-weight: 400;\">Nuestro primer hogar fue una peque\u00f1a habitaci\u00f3n en la calle Rabi Akiva en Bnei Brak. Nuestro maestro, el cabalista Dr. Michael Laitman, acogi\u00f3 a un grupo de diez hombres en el sal\u00f3n de su casa. Se sentaban alrededor de una mesa y le\u00edan juntos El Libro del Zohar. Poco a poco, el grupo creci\u00f3 y se unieron m\u00e1s estudiantes, lo que nos impuls\u00f3 a buscar un lugar m\u00e1s grande.<\/span><\/p><p><span style=\"font-weight: 400;\">A medida que el grupo crec\u00eda en tama\u00f1o, tambi\u00e9n lo hac\u00eda en calidad. El fortalecimiento de las conexiones y la calidad de los lazos entre los estudiantes atrajeron como un im\u00e1n nuevos lugares. Nos trasladamos a la calle Jerusal\u00e9n. En nuestra segunda casa, empezamos nuestras reuniones de amigos. Cant\u00e1bamos juntos, nos abraz\u00e1bamos e intent\u00e1bamos convertirnos en un solo coraz\u00f3n. Pasaron varios a\u00f1os, y all\u00ed tambi\u00e9n se llen\u00f3 de gente, as\u00ed que hicimos las maletas y volvimos a mudarnos.<\/span><\/p><p><span style=\"font-weight: 400;\">Nuestro tercer hogar estaba en la calle Reines de Bnei Brak. Esta vez alquilamos una casa grande, no un apartamento peque\u00f1o. Durante este periodo, nuestro maestro tuvo un grave accidente de autom\u00f3vil que revolucion\u00f3 nuestras vidas. Empezamos a estudiar todos los d\u00edas por la ma\u00f1ana, lecciones de Cabal\u00e1.<\/span><\/p><p><span style=\"font-weight: 400;\">A medida que nuestro coraz\u00f3n colectivo se expand\u00eda, muchos nuevos amigos se un\u00edan a nosotros, sintiendo la electricidad en el aire. Incluso Bnei Brak nos qued\u00f3 peque\u00f1a y decidimos trasladarnos a la cercana ciudad de Petah Tikva, donde estamos hoy.<\/span><\/p><p><span style=\"font-weight: 400;\">Al principio, la casa de la calle Jabotinsky 112 parec\u00eda una ruina. Nos arremangamos, ordenamos y organizamos el edificio nosotros mismos hasta que qued\u00f3 perfecto. Durante una d\u00e9cada, estudiamos y nos conectamos all\u00ed, y con los a\u00f1os se construyeron otras casas similares en todo el mundo. Sin embargo, la casa de Petah Tikva sigui\u00f3 siendo el centro, la fuente de aprendizaje y difusi\u00f3n, el punto focal que proporcionaba ox\u00edgeno espiritual a cualquiera que se cuestionara el prop\u00f3sito de la vida.<\/span><\/p><p><span style=\"font-weight: 400;\">Una vez m\u00e1s, crecimos, pero esta vez quer\u00edamos nuestra propia casa. En 2012, decidimos dejar de alquilar y comprar nuestro propio local. Muchos amigos donaron su dinero para hacer realidad este sue\u00f1o. Tras encontrar un edificio adecuado en la calle Rabash 12 (entonces llamada calle Nevatim), muchos amigos se involucraron de inmediato. Se ofrecieron voluntarios para los trabajos de construcci\u00f3n y renovaci\u00f3n. A medida que un martillo abr\u00eda una grieta en nuestros corazones sellados, las paredes de concreto tambi\u00e9n se derrumbaban, rompiendo las barreras interiores. Surgi\u00f3 entre nosotros la emoci\u00f3n y la esperanza de construir la Suc\u00e1.<\/span><\/p><p><span style=\"font-weight: 400;\">Pens\u00e1bamos que hab\u00edamos cumplido el sue\u00f1o, pero, como siempre, la fuerza superior ten\u00eda sus propios planes. En marzo de 2020, el mundo se paraliz\u00f3 debido al coronavirus. Las calles se vaciaron, las ciudades enmudecieron y los pa\u00edses cerraron sus fronteras. Nuestra casa tambi\u00e9n se qued\u00f3 desierta, pero eso no nos quebr\u00f3.<\/span><\/p><p><span style=\"font-weight: 400;\">Gracias a muchos amigos, establecimos el \u00abSistema Arvut\u00bb, un hogar virtual donde nos reunimos para participar en clases, comidas, congresos y reuniones de amigos. Nuestro hogar adquiri\u00f3 una nueva profundidad y significado cuando empezamos a entender lo que nuestro maestro nos hab\u00eda dicho en repetidas ocasiones: \u00abEl hogar no son s\u00f3lo paredes; es un coraz\u00f3n, un sentimiento c\u00e1lido que nos mantiene unidos todo el tiempo. Toda nuestra vida reside ah\u00ed, en casa\u00bb.<\/span><\/p><p><span style=\"font-weight: 400;\">En febrero de 2023, organizamos un gran Congreso Mundial de Cabal\u00e1, una celebraci\u00f3n de nuestro regreso f\u00edsico al hogar. Incluso durante las fases de inscripci\u00f3n hacia el congreso, nos dimos cuenta de que carec\u00edamos de un espacio \u00fanico capaz de albergar a los miles de amigos que se han unido a nosotros en los \u00faltimos a\u00f1os.<\/span><\/p><p><span style=\"font-weight: 400;\">A la primera oportunidad, formulamos un plan detallado para mejorar nuestra casa, con el objetivo de crear un espacio unificado para todos durante las convenciones y las Noches de Uni\u00f3n. En estos mismos d\u00edas, estamos trabajando diligentemente en esto.<\/span><\/p>\t\t\t\t\t\t\t\t<\/div>\n\t\t\t\t<\/div>\n\t\t\t\t<div class=\"elementor-element elementor-element-77e19d2 elementor-widget elementor-widget-button\" data-id=\"77e19d2\" data-element_type=\"widget\" data-e-type=\"widget\" data-widget_type=\"button.default\">\n\t\t\t\t<div class=\"elementor-widget-container\">\n\t\t\t\t\t\t\t\t\t<div class=\"elementor-button-wrapper\">\n\t\t\t\t\t<a class=\"elementor-button elementor-button-link elementor-size-sm\" href=\"#\">\n\t\t\t\t\t\t<span class=\"elementor-button-content-wrapper\">\n\t\t\t\t\t\t\t\t\t<span class=\"elementor-button-text\">Equipo<\/span>\n\t\t\t\t\t<\/span>\n\t\t\t\t\t<\/a>\n\t\t\t\t<\/div>\n\t\t\t\t\t\t\t\t<\/div>\n\t\t\t\t<\/div>\n\t\t\t\t<\/div>\n\t\t\t\t<\/div>\n\t\t\t\t<\/div>\n\t\t\t\t<\/div>\n\t\t","protected":false},"excerpt":{"rendered":"<p>Sobre el proyecto Romper los muros que nos separan y abrir nuestros corazones Todos los padres saben que cuando esperan el nacimiento de un nuevo hijo en la familia, es se\u00f1al de que ha llegado el momento de renovar la casa. Empiezan a planificarlo todo de nuevo: derribar muros, ampliar habitaciones, encalar paredes, mejorar las [&hellip;]<\/p>\n","protected":false},"author":18,"featured_media":39645,"parent":0,"menu_order":0,"comment_status":"closed","ping_status":"closed","template":"","meta":{"_acf_changed":false,"footnotes":""},"class_list":["post-41228","page","type-page","status-publish","has-post-thumbnail","hentry"],"acf":[],"_links":{"self":[{"href":"https:\/\/home.kab.info\/es\/wp-json\/wp\/v2\/pages\/41228","targetHints":{"allow":["GET"]}}],"collection":[{"href":"https:\/\/home.kab.info\/es\/wp-json\/wp\/v2\/pages"}],"about":[{"href":"https:\/\/home.kab.info\/es\/wp-json\/wp\/v2\/types\/page"}],"author":[{"embeddable":true,"href":"https:\/\/home.kab.info\/es\/wp-json\/wp\/v2\/users\/18"}],"replies":[{"embeddable":true,"href":"https:\/\/home.kab.info\/es\/wp-json\/wp\/v2\/comments?post=41228"}],"version-history":[{"count":16,"href":"https:\/\/home.kab.info\/es\/wp-json\/wp\/v2\/pages\/41228\/revisions"}],"predecessor-version":[{"id":42079,"href":"https:\/\/home.kab.info\/es\/wp-json\/wp\/v2\/pages\/41228\/revisions\/42079"}],"wp:featuredmedia":[{"embeddable":true,"href":"https:\/\/home.kab.info\/es\/wp-json\/wp\/v2\/media\/39645"}],"wp:attachment":[{"href":"https:\/\/home.kab.info\/es\/wp-json\/wp\/v2\/media?parent=41228"}],"curies":[{"name":"wp","href":"https:\/\/api.w.org\/{rel}","templated":true}]}}