{"id":41117,"date":"2023-09-01T04:52:35","date_gmt":"2023-09-01T01:52:35","guid":{"rendered":"http:\/\/home.kab.info\/contactanos\/"},"modified":"2023-09-02T04:12:21","modified_gmt":"2023-09-02T01:12:21","slug":"contactanos","status":"publish","type":"page","link":"https:\/\/home.kab.info\/es\/contactanos\/","title":{"rendered":"Hace 10 a\u00f1os"},"content":{"rendered":"\t\t<div data-elementor-type=\"wp-page\" data-elementor-id=\"41117\" class=\"elementor elementor-41117 elementor-39621\" data-elementor-post-type=\"page\">\n\t\t\t\t<div class=\"elementor-element elementor-element-21d0acb e-con-full e-flex e-con e-parent\" data-id=\"21d0acb\" data-element_type=\"container\" data-e-type=\"container\" data-settings=\"{&quot;background_background&quot;:&quot;classic&quot;,&quot;shape_divider_bottom_negative&quot;:&quot;yes&quot;,&quot;shape_divider_bottom&quot;:&quot;curve&quot;}\">\n\t\t\t\t<div class=\"elementor-shape elementor-shape-bottom\" aria-hidden=\"true\" data-negative=\"true\">\n\t\t\t<svg xmlns=\"http:\/\/www.w3.org\/2000\/svg\" viewBox=\"0 0 1000 100\" preserveAspectRatio=\"none\">\n\t<path class=\"elementor-shape-fill\" d=\"M500,97C126.7,96.3,0.8,19.8,0,0v100l1000,0V1C1000,19.4,873.3,97.8,500,97z\"\/>\n<\/svg>\t\t<\/div>\n\t\t\t\t<\/div>\n\t\t<div class=\"elementor-element elementor-element-77fe962 e-con-full e-flex e-con e-parent\" data-id=\"77fe962\" data-element_type=\"container\" data-e-type=\"container\">\n\t\t\t\t<div class=\"elementor-element elementor-element-fce2ede elementor-widget elementor-widget-heading\" data-id=\"fce2ede\" data-element_type=\"widget\" data-e-type=\"widget\" data-widget_type=\"heading.default\">\n\t\t\t\t<div class=\"elementor-widget-container\">\n\t\t\t\t\t<h2 class=\"elementor-heading-title elementor-size-default\">Hace 10 a\u00f1os<\/h2>\t\t\t\t<\/div>\n\t\t\t\t<\/div>\n\t\t\t\t<div class=\"elementor-element elementor-element-fd2264e elementor-widget-divider--view-line elementor-widget elementor-widget-divider\" data-id=\"fd2264e\" data-element_type=\"widget\" data-e-type=\"widget\" data-widget_type=\"divider.default\">\n\t\t\t\t<div class=\"elementor-widget-container\">\n\t\t\t\t\t\t\t<div class=\"elementor-divider\">\n\t\t\t<span class=\"elementor-divider-separator\">\n\t\t\t\t\t\t<\/span>\n\t\t<\/div>\n\t\t\t\t\t\t<\/div>\n\t\t\t\t<\/div>\n\t\t\t\t<\/div>\n\t\t<div class=\"elementor-element elementor-element-43a28ee e-con-full e-flex e-con e-parent\" data-id=\"43a28ee\" data-element_type=\"container\" data-e-type=\"container\" data-settings=\"{&quot;background_background&quot;:&quot;classic&quot;}\">\n\t\t\t\t<div class=\"elementor-element elementor-element-7d3db06 xpro-post-grid-align-center elementor-widget elementor-widget-xpro-post-grid\" data-id=\"7d3db06\" data-element_type=\"widget\" data-e-type=\"widget\" data-settings=\"{&quot;image_height&quot;:{&quot;unit&quot;:&quot;px&quot;,&quot;size&quot;:300,&quot;sizes&quot;:[]},&quot;space_between&quot;:{&quot;unit&quot;:&quot;px&quot;,&quot;size&quot;:30,&quot;sizes&quot;:[]},&quot;column_grid_tablet&quot;:&quot;1&quot;,&quot;image_height_tablet&quot;:{&quot;unit&quot;:&quot;px&quot;,&quot;size&quot;:500,&quot;sizes&quot;:[]},&quot;image_height_mobile&quot;:{&quot;unit&quot;:&quot;vh&quot;,&quot;size&quot;:30,&quot;sizes&quot;:[]},&quot;column_grid&quot;:&quot;3&quot;,&quot;column_grid_mobile&quot;:&quot;1&quot;,&quot;space_between_tablet&quot;:{&quot;unit&quot;:&quot;px&quot;,&quot;size&quot;:15,&quot;sizes&quot;:[]},&quot;space_between_mobile&quot;:{&quot;unit&quot;:&quot;px&quot;,&quot;size&quot;:15,&quot;sizes&quot;:[]},&quot;content_height&quot;:{&quot;unit&quot;:&quot;px&quot;,&quot;size&quot;:&quot;&quot;,&quot;sizes&quot;:[]},&quot;content_height_tablet&quot;:{&quot;unit&quot;:&quot;px&quot;,&quot;size&quot;:&quot;&quot;,&quot;sizes&quot;:[]},&quot;content_height_mobile&quot;:{&quot;unit&quot;:&quot;px&quot;,&quot;size&quot;:&quot;&quot;,&quot;sizes&quot;:[]}}\" data-widget_type=\"xpro-post-grid.default\">\n\t\t\t\t<div class=\"elementor-widget-container\">\n\t\t\t\t\t\n\t\t<div class=\"xpro-post-grid-wrapper xpro-post-grid-layout-1\">\n\n\t\t\t\n\t\t\t\t<div class=\"xpro-post-grid-main cbp\">\n\n\t\t\t\t\t\n<div class=\"cbp-item xpro-post-grid-item\">\n\t\t\t<div class=\"xpro-post-grid-image\">\n\t\t\t<img fetchpriority=\"high\" decoding=\"async\" width=\"448\" height=\"336\" src=\"https:\/\/home.kab.info\/wp-content\/uploads\/2013\/12\/IMG_8589-1.jpg\" class=\"attachment-full size-full\" alt=\"\" srcset=\"https:\/\/home.kab.info\/wp-content\/uploads\/2013\/12\/IMG_8589-1.jpg 448w, https:\/\/home.kab.info\/wp-content\/uploads\/2013\/12\/IMG_8589-1-300x224.jpg 300w, https:\/\/home.kab.info\/wp-content\/uploads\/2013\/12\/IMG_8589-1-80x60.jpg 80w\" sizes=\"(max-width: 448px) 100vw, 448px\" \/>\t\t\t\t\t<\/div>\n\t\n\t<div class=\"xpro-post-grid-content\">\n\n\t\t\n\t\t\t\t\t<ul class=\"xpro-post-grid-meta-list\">\n\t\t\t\t\t\t\t\t\t\t\t\t\t\t\t<li class=\"xpro-post-grid-meta-date\">\n\t\t\t\t\t\t\t<i aria-hidden=\"true\" class=\"far fa-calendar\"><\/i>\t\t\t\t\t\t\t26 de diciembre de 2013\t\t\t\t\t\t<\/li>\n\t\t\t\t\t\t\t\t\t\t\t\t\t\t\t\n\t\t\t\t\t\t\t<\/ul>\n\t\t\n\t\t<a href=\"https:\/\/home.kab.info\/es\/amnon-shachar-dar-lo-cual-es-lo-que-quieres\/\">\n\t\t\t<h2 class=\"xpro-post-grid-title\">Amnon Shachar &#8211; dar, lo cual es lo que quieres.<\/h2>\n\t\t<\/a>\n\n\t\t\n\t\t\t\t\t<p class=\"xpro-post-grid-excerpt\">25.12.13 Amnon Shachar \u2013 \u00a1\u00a1\u00a1Dar el coraz\u00f3n y el alma!! \u00c9l esta dando, \u00a1lo cual es lo que quieres!<\/p>\n\t\t\t\t\t\t\n\t\t\n\t<\/div>\n<\/div>\n\n<div class=\"cbp-item xpro-post-grid-item\">\n\t\t\t<div class=\"xpro-post-grid-image\">\n\t\t\t<img decoding=\"async\" width=\"300\" height=\"225\" src=\"https:\/\/home.kab.info\/wp-content\/uploads\/2013\/12\/933941_501642179949576_899633038_n1-300x2251.jpg\" class=\"attachment-full size-full\" alt=\"\" srcset=\"https:\/\/home.kab.info\/wp-content\/uploads\/2013\/12\/933941_501642179949576_899633038_n1-300x2251.jpg 300w, https:\/\/home.kab.info\/wp-content\/uploads\/2013\/12\/933941_501642179949576_899633038_n1-300x2251-80x60.jpg 80w\" sizes=\"(max-width: 300px) 100vw, 300px\" \/>\t\t\t\t\t<\/div>\n\t\n\t<div class=\"xpro-post-grid-content\">\n\n\t\t\n\t\t\t\t\t<ul class=\"xpro-post-grid-meta-list\">\n\t\t\t\t\t\t\t\t\t\t\t\t\t\t\t<li class=\"xpro-post-grid-meta-date\">\n\t\t\t\t\t\t\t<i aria-hidden=\"true\" class=\"far fa-calendar\"><\/i>\t\t\t\t\t\t\t26 de diciembre de 2013\t\t\t\t\t\t<\/li>\n\t\t\t\t\t\t\t\t\t\t\t\t\t\t\t\n\t\t\t\t\t\t\t<\/ul>\n\t\t\n\t\t<a href=\"https:\/\/home.kab.info\/es\/3402\/\">\n\t\t\t<h2 class=\"xpro-post-grid-title\">El amigo Andrei<\/h2>\n\t\t<\/a>\n\n\t\t\n\t\t\t\t\t<p class=\"xpro-post-grid-excerpt\">El amigo Andrei est\u00e1 manejando el trabajo en el tercer piso. El siempre est\u00e1 ah\u00ed,\u00a0siempre ayudando, siempre recordando que todo es para la conexi\u00f3n.<\/p>\n\t\t\t\t\t\t\n\t\t\n\t<\/div>\n<\/div>\n\n<div class=\"cbp-item xpro-post-grid-item\">\n\t\t\t<div class=\"xpro-post-grid-image\">\n\t\t\t<img decoding=\"async\" width=\"600\" height=\"450\" src=\"https:\/\/home.kab.info\/wp-content\/uploads\/2013\/12\/IMG_8595.jpg\" class=\"attachment-full size-full\" alt=\"\" srcset=\"https:\/\/home.kab.info\/wp-content\/uploads\/2013\/12\/IMG_8595.jpg 600w, https:\/\/home.kab.info\/wp-content\/uploads\/2013\/12\/IMG_8595-300x225.jpg 300w, https:\/\/home.kab.info\/wp-content\/uploads\/2013\/12\/IMG_8595-80x60.jpg 80w\" sizes=\"(max-width: 600px) 100vw, 600px\" \/>\t\t\t\t\t<\/div>\n\t\n\t<div class=\"xpro-post-grid-content\">\n\n\t\t\n\t\t\t\t\t<ul class=\"xpro-post-grid-meta-list\">\n\t\t\t\t\t\t\t\t\t\t\t\t\t\t\t<li class=\"xpro-post-grid-meta-date\">\n\t\t\t\t\t\t\t<i aria-hidden=\"true\" class=\"far fa-calendar\"><\/i>\t\t\t\t\t\t\t25 de diciembre de 2013\t\t\t\t\t\t<\/li>\n\t\t\t\t\t\t\t\t\t\t\t\t\t\t\t\n\t\t\t\t\t\t\t<\/ul>\n\t\t\n\t\t<a href=\"https:\/\/home.kab.info\/es\/3371\/\">\n\t\t\t<h2 class=\"xpro-post-grid-title\">La cocina<\/h2>\n\t\t<\/a>\n\n\t\t\n\t\t\t\t\t<p class=\"xpro-post-grid-excerpt\">&nbsp; Los amigos trabajadores ya han logrado colgar el ventilador de la estufa en la\u00a0cocina. &nbsp; &nbsp; &nbsp;<\/p>\n\t\t\t\t\t\t\n\t\t\n\t<\/div>\n<\/div>\n\n<div class=\"cbp-item xpro-post-grid-item\">\n\t\t\t<div class=\"xpro-post-grid-image\">\n\t\t\t<img loading=\"lazy\" decoding=\"async\" width=\"448\" height=\"336\" src=\"https:\/\/home.kab.info\/wp-content\/uploads\/2013\/12\/011.jpg\" class=\"attachment-full size-full\" alt=\"\" srcset=\"https:\/\/home.kab.info\/wp-content\/uploads\/2013\/12\/011.jpg 448w, https:\/\/home.kab.info\/wp-content\/uploads\/2013\/12\/011-300x224.jpg 300w, https:\/\/home.kab.info\/wp-content\/uploads\/2013\/12\/011-80x60.jpg 80w\" sizes=\"(max-width: 448px) 100vw, 448px\" \/>\t\t\t\t\t<\/div>\n\t\n\t<div class=\"xpro-post-grid-content\">\n\n\t\t\n\t\t\t\t\t<ul class=\"xpro-post-grid-meta-list\">\n\t\t\t\t\t\t\t\t\t\t\t\t\t\t\t<li class=\"xpro-post-grid-meta-date\">\n\t\t\t\t\t\t\t<i aria-hidden=\"true\" class=\"far fa-calendar\"><\/i>\t\t\t\t\t\t\t23 de diciembre de 2013\t\t\t\t\t\t<\/li>\n\t\t\t\t\t\t\t\t\t\t\t\t\t\t\t\n\t\t\t\t\t\t\t<\/ul>\n\t\t\n\t\t<a href=\"https:\/\/home.kab.info\/es\/la-comida-de-los-cabalistas\/\">\n\t\t\t<h2 class=\"xpro-post-grid-title\">La comida de los Cabalistas<\/h2>\n\t\t<\/a>\n\n\t\t\n\t\t\t\t\t<p class=\"xpro-post-grid-excerpt\">10.12.13 La comida de los Cabalistas despu\u00e9s de un d\u00eda de trabajo.<\/p>\n\t\t\t\t\t\t\n\t\t\n\t<\/div>\n<\/div>\n\n<div class=\"cbp-item xpro-post-grid-item\">\n\t\t\t<div class=\"xpro-post-grid-image\">\n\t\t\t<img loading=\"lazy\" decoding=\"async\" width=\"448\" height=\"336\" src=\"https:\/\/home.kab.info\/wp-content\/uploads\/2013\/12\/IMG_83482.jpg\" class=\"attachment-full size-full\" alt=\"\" srcset=\"https:\/\/home.kab.info\/wp-content\/uploads\/2013\/12\/IMG_83482.jpg 448w, https:\/\/home.kab.info\/wp-content\/uploads\/2013\/12\/IMG_83482-300x224.jpg 300w, https:\/\/home.kab.info\/wp-content\/uploads\/2013\/12\/IMG_83482-80x60.jpg 80w\" sizes=\"(max-width: 448px) 100vw, 448px\" \/>\t\t\t\t\t<\/div>\n\t\n\t<div class=\"xpro-post-grid-content\">\n\n\t\t\n\t\t\t\t\t<ul class=\"xpro-post-grid-meta-list\">\n\t\t\t\t\t\t\t\t\t\t\t\t\t\t\t<li class=\"xpro-post-grid-meta-date\">\n\t\t\t\t\t\t\t<i aria-hidden=\"true\" class=\"far fa-calendar\"><\/i>\t\t\t\t\t\t\t23 de diciembre de 2013\t\t\t\t\t\t<\/li>\n\t\t\t\t\t\t\t\t\t\t\t\t\t\t\t\n\t\t\t\t\t\t\t<\/ul>\n\t\t\n\t\t<a href=\"https:\/\/home.kab.info\/es\/de-haifa-a-petach-tikva-hay-una-linea-muy-delgada\/\">\n\t\t\t<h2 class=\"xpro-post-grid-title\">De Haifa a Petach Tikva &#8211; Hay una l\u00ednea muy delgada<\/h2>\n\t\t<\/a>\n\n\t\t\n\t\t\t\t\t<p class=\"xpro-post-grid-excerpt\">10.12.13 Galia, Talia, y Hana llegaron desde Haifa a Petach Tikva para ayudar a limpiar nuestra nueva casa.. \u00a1Mucha admiraci\u00f3n para nuestras grandes amigas!<\/p>\n\t\t\t\t\t\t\n\t\t\n\t<\/div>\n<\/div>\n\n<div class=\"cbp-item xpro-post-grid-item\">\n\t\t\t<div class=\"xpro-post-grid-image\">\n\t\t\t<img loading=\"lazy\" decoding=\"async\" width=\"448\" height=\"336\" src=\"https:\/\/home.kab.info\/wp-content\/uploads\/2013\/12\/IMG_83491.jpg\" class=\"attachment-full size-full\" alt=\"\" srcset=\"https:\/\/home.kab.info\/wp-content\/uploads\/2013\/12\/IMG_83491.jpg 448w, https:\/\/home.kab.info\/wp-content\/uploads\/2013\/12\/IMG_83491-300x224.jpg 300w, https:\/\/home.kab.info\/wp-content\/uploads\/2013\/12\/IMG_83491-80x60.jpg 80w\" sizes=\"(max-width: 448px) 100vw, 448px\" \/>\t\t\t\t\t<\/div>\n\t\n\t<div class=\"xpro-post-grid-content\">\n\n\t\t\n\t\t\t\t\t<ul class=\"xpro-post-grid-meta-list\">\n\t\t\t\t\t\t\t\t\t\t\t\t\t\t\t<li class=\"xpro-post-grid-meta-date\">\n\t\t\t\t\t\t\t<i aria-hidden=\"true\" class=\"far fa-calendar\"><\/i>\t\t\t\t\t\t\t23 de diciembre de 2013\t\t\t\t\t\t<\/li>\n\t\t\t\t\t\t\t\t\t\t\t\t\t\t\t\n\t\t\t\t\t\t\t<\/ul>\n\t\t\n\t\t<a href=\"https:\/\/home.kab.info\/es\/la-belleza-que-esta-en-la-conexion\/\">\n\t\t\t<h2 class=\"xpro-post-grid-title\">La belleza que est\u00e1 en la conexi\u00f3n<\/h2>\n\t\t<\/a>\n\n\t\t\n\t\t\t\t\t<p class=\"xpro-post-grid-excerpt\">10.12.13 Nino y Masha, nuestras grandes amigas que ayudan en nuestra casa y lo hacen con alegr\u00eda y amor y agregan m\u00e1s conexi\u00f3n a...<\/p>\n\t\t\t\t\t\t\n\t\t\n\t<\/div>\n<\/div>\n\n<div class=\"cbp-item xpro-post-grid-item\">\n\t\t\t<div class=\"xpro-post-grid-image\">\n\t\t\t<img loading=\"lazy\" decoding=\"async\" width=\"448\" height=\"336\" src=\"https:\/\/home.kab.info\/wp-content\/uploads\/2013\/12\/IMG_83331.jpg\" class=\"attachment-full size-full\" alt=\"\" srcset=\"https:\/\/home.kab.info\/wp-content\/uploads\/2013\/12\/IMG_83331.jpg 448w, https:\/\/home.kab.info\/wp-content\/uploads\/2013\/12\/IMG_83331-300x224.jpg 300w, https:\/\/home.kab.info\/wp-content\/uploads\/2013\/12\/IMG_83331-80x60.jpg 80w\" sizes=\"(max-width: 448px) 100vw, 448px\" \/>\t\t\t\t\t<\/div>\n\t\n\t<div class=\"xpro-post-grid-content\">\n\n\t\t\n\t\t\t\t\t<ul class=\"xpro-post-grid-meta-list\">\n\t\t\t\t\t\t\t\t\t\t\t\t\t\t\t<li class=\"xpro-post-grid-meta-date\">\n\t\t\t\t\t\t\t<i aria-hidden=\"true\" class=\"far fa-calendar\"><\/i>\t\t\t\t\t\t\t23 de diciembre de 2013\t\t\t\t\t\t<\/li>\n\t\t\t\t\t\t\t\t\t\t\t\t\t\t\t\n\t\t\t\t\t\t\t<\/ul>\n\t\t\n\t\t<a href=\"https:\/\/home.kab.info\/es\/agregando-otro-nivel-de-amor-e-intencion\/\">\n\t\t\t<h2 class=\"xpro-post-grid-title\">Agregando otro nivel de amor e intenci\u00f3n<\/h2>\n\t\t<\/a>\n\n\t\t\n\t\t\t\t\t<p class=\"xpro-post-grid-excerpt\">10.12.13 Yura y Jean de Petach Tikva construyen juntos para agregar otro nivel de amor e intenci\u00f3n a nuestra casa.<\/p>\n\t\t\t\t\t\t\n\t\t\n\t<\/div>\n<\/div>\n\n<div class=\"cbp-item xpro-post-grid-item\">\n\t\t\t<div class=\"xpro-post-grid-image\">\n\t\t\t<img loading=\"lazy\" decoding=\"async\" width=\"448\" height=\"336\" src=\"https:\/\/home.kab.info\/wp-content\/uploads\/2013\/12\/IMG_8361.jpg\" class=\"attachment-full size-full\" alt=\"\" srcset=\"https:\/\/home.kab.info\/wp-content\/uploads\/2013\/12\/IMG_8361.jpg 448w, https:\/\/home.kab.info\/wp-content\/uploads\/2013\/12\/IMG_8361-300x224.jpg 300w, https:\/\/home.kab.info\/wp-content\/uploads\/2013\/12\/IMG_8361-80x60.jpg 80w\" sizes=\"(max-width: 448px) 100vw, 448px\" \/>\t\t\t\t\t<\/div>\n\t\n\t<div class=\"xpro-post-grid-content\">\n\n\t\t\n\t\t\t\t\t<ul class=\"xpro-post-grid-meta-list\">\n\t\t\t\t\t\t\t\t\t\t\t\t\t\t\t<li class=\"xpro-post-grid-meta-date\">\n\t\t\t\t\t\t\t<i aria-hidden=\"true\" class=\"far fa-calendar\"><\/i>\t\t\t\t\t\t\t23 de diciembre de 2013\t\t\t\t\t\t<\/li>\n\t\t\t\t\t\t\t\t\t\t\t\t\t\t\t\n\t\t\t\t\t\t\t<\/ul>\n\t\t\n\t\t<a href=\"https:\/\/home.kab.info\/es\/levantarse-en-la-manana-y-mezclar-cemento-con-la-importancia-de-la-meta\/\">\n\t\t\t<h2 class=\"xpro-post-grid-title\">Levantarse en la ma\u00f1ana y mezclar cemento, con la importancia de la meta<\/h2>\n\t\t<\/a>\n\n\t\t\n\t\t\t\t\t<p class=\"xpro-post-grid-excerpt\">10.12.13 Yigal, nuestro gran amigo \u00a0de Petach Tikva mezclando con el cemento todo el amor y la conexi\u00f3n para todos los amigos de Israel...<\/p>\n\t\t\t\t\t\t\n\t\t\n\t<\/div>\n<\/div>\n\n<div class=\"cbp-item xpro-post-grid-item\">\n\t\t\t<div class=\"xpro-post-grid-image\">\n\t\t\t<img loading=\"lazy\" decoding=\"async\" width=\"448\" height=\"336\" src=\"https:\/\/home.kab.info\/wp-content\/uploads\/2013\/12\/22.12.13-\u05d4\u05e7\u05d9\u05e8-\u05d4\u05db\u05d7\u05d5\u05dc1.jpg\" class=\"attachment-full size-full\" alt=\"\" srcset=\"https:\/\/home.kab.info\/wp-content\/uploads\/2013\/12\/22.12.13-\u05d4\u05e7\u05d9\u05e8-\u05d4\u05db\u05d7\u05d5\u05dc1.jpg 448w, https:\/\/home.kab.info\/wp-content\/uploads\/2013\/12\/22.12.13-\u05d4\u05e7\u05d9\u05e8-\u05d4\u05db\u05d7\u05d5\u05dc1-300x224.jpg 300w, https:\/\/home.kab.info\/wp-content\/uploads\/2013\/12\/22.12.13-\u05d4\u05e7\u05d9\u05e8-\u05d4\u05db\u05d7\u05d5\u05dc1-80x60.jpg 80w\" sizes=\"(max-width: 448px) 100vw, 448px\" \/>\t\t\t\t\t<\/div>\n\t\n\t<div class=\"xpro-post-grid-content\">\n\n\t\t\n\t\t\t\t\t<ul class=\"xpro-post-grid-meta-list\">\n\t\t\t\t\t\t\t\t\t\t\t\t\t\t\t<li class=\"xpro-post-grid-meta-date\">\n\t\t\t\t\t\t\t<i aria-hidden=\"true\" class=\"far fa-calendar\"><\/i>\t\t\t\t\t\t\t23 de diciembre de 2013\t\t\t\t\t\t<\/li>\n\t\t\t\t\t\t\t\t\t\t\t\t\t\t\t\n\t\t\t\t\t\t\t<\/ul>\n\t\t\n\t\t<a href=\"https:\/\/home.kab.info\/es\/el-muro-azul\/\">\n\t\t\t<h2 class=\"xpro-post-grid-title\">El muro azul<\/h2>\n\t\t<\/a>\n\n\t\t\n\t\t\t\t\t<p class=\"xpro-post-grid-excerpt\">22.12.13 El muro azul que se usar\u00e1 como fondo para Rav ya est\u00e1 listo &#8211; Esta es una se\u00f1al de que ya es posible...<\/p>\n\t\t\t\t\t\t\n\t\t\n\t<\/div>\n<\/div>\n\n<div class=\"cbp-item xpro-post-grid-item\">\n\t\t\t<div class=\"xpro-post-grid-image\">\n\t\t\t<img loading=\"lazy\" decoding=\"async\" width=\"448\" height=\"336\" src=\"https:\/\/home.kab.info\/wp-content\/uploads\/2013\/12\/22.12.13-\u05e4\u05d9\u05dc\u05d9\u05e1-\u05de\u05d8\u05e7\u05e1\u05e1.jpg\" class=\"attachment-full size-full\" alt=\"\" srcset=\"https:\/\/home.kab.info\/wp-content\/uploads\/2013\/12\/22.12.13-\u05e4\u05d9\u05dc\u05d9\u05e1-\u05de\u05d8\u05e7\u05e1\u05e1.jpg 448w, https:\/\/home.kab.info\/wp-content\/uploads\/2013\/12\/22.12.13-\u05e4\u05d9\u05dc\u05d9\u05e1-\u05de\u05d8\u05e7\u05e1\u05e1-300x224.jpg 300w, https:\/\/home.kab.info\/wp-content\/uploads\/2013\/12\/22.12.13-\u05e4\u05d9\u05dc\u05d9\u05e1-\u05de\u05d8\u05e7\u05e1\u05e1-80x60.jpg 80w\" sizes=\"(max-width: 448px) 100vw, 448px\" \/>\t\t\t\t\t<\/div>\n\t\n\t<div class=\"xpro-post-grid-content\">\n\n\t\t\n\t\t\t\t\t<ul class=\"xpro-post-grid-meta-list\">\n\t\t\t\t\t\t\t\t\t\t\t\t\t\t\t<li class=\"xpro-post-grid-meta-date\">\n\t\t\t\t\t\t\t<i aria-hidden=\"true\" class=\"far fa-calendar\"><\/i>\t\t\t\t\t\t\t23 de diciembre de 2013\t\t\t\t\t\t<\/li>\n\t\t\t\t\t\t\t\t\t\t\t\t\t\t\t\n\t\t\t\t\t\t\t<\/ul>\n\t\t\n\t\t<a href=\"https:\/\/home.kab.info\/es\/pillis-de-texas\/\">\n\t\t\t<h2 class=\"xpro-post-grid-title\">Pillis de Texas<\/h2>\n\t\t<\/a>\n\n\t\t\n\t\t\t\t\t<p class=\"xpro-post-grid-excerpt\">22.12.13 Les presentamos a Phyllis de Texas, \u00a1una verdadera mujer de valor! Ya es casi una semana que en la que ella ha dado...<\/p>\n\t\t\t\t\t\t\n\t\t\n\t<\/div>\n<\/div>\n\n<div class=\"cbp-item xpro-post-grid-item\">\n\t\t\t<div class=\"xpro-post-grid-image\">\n\t\t\t<img loading=\"lazy\" decoding=\"async\" width=\"448\" height=\"336\" src=\"https:\/\/home.kab.info\/wp-content\/uploads\/2013\/12\/22.12.13-\u05e6\u05d5\u05d5\u05ea-\u05d4\u05d5\u05dc\u05e0\u05d3\u05d91.jpg\" class=\"attachment-full size-full\" alt=\"\" srcset=\"https:\/\/home.kab.info\/wp-content\/uploads\/2013\/12\/22.12.13-\u05e6\u05d5\u05d5\u05ea-\u05d4\u05d5\u05dc\u05e0\u05d3\u05d91.jpg 448w, https:\/\/home.kab.info\/wp-content\/uploads\/2013\/12\/22.12.13-\u05e6\u05d5\u05d5\u05ea-\u05d4\u05d5\u05dc\u05e0\u05d3\u05d91-300x224.jpg 300w, https:\/\/home.kab.info\/wp-content\/uploads\/2013\/12\/22.12.13-\u05e6\u05d5\u05d5\u05ea-\u05d4\u05d5\u05dc\u05e0\u05d3\u05d91-80x60.jpg 80w\" sizes=\"(max-width: 448px) 100vw, 448px\" \/>\t\t\t\t\t<\/div>\n\t\n\t<div class=\"xpro-post-grid-content\">\n\n\t\t\n\t\t\t\t\t<ul class=\"xpro-post-grid-meta-list\">\n\t\t\t\t\t\t\t\t\t\t\t\t\t\t\t<li class=\"xpro-post-grid-meta-date\">\n\t\t\t\t\t\t\t<i aria-hidden=\"true\" class=\"far fa-calendar\"><\/i>\t\t\t\t\t\t\t23 de diciembre de 2013\t\t\t\t\t\t<\/li>\n\t\t\t\t\t\t\t\t\t\t\t\t\t\t\t\n\t\t\t\t\t\t\t<\/ul>\n\t\t\n\t\t<a href=\"https:\/\/home.kab.info\/es\/el-equipo-holandes-en-accion\/\">\n\t\t\t<h2 class=\"xpro-post-grid-title\">El equipo holand\u00e9s en acci\u00f3n<\/h2>\n\t\t<\/a>\n\n\t\t\n\t\t\t\t\t<p class=\"xpro-post-grid-excerpt\">22-12-2013 \u00bfYa conocieron a nuestro equipo holand\u00e9s? \u00a1\u00a1Cuanta Luz!! &nbsp; &nbsp; &nbsp; &nbsp; &nbsp; &nbsp; &nbsp; &nbsp; &nbsp; &nbsp;<\/p>\n\t\t\t\t\t\t\n\t\t\n\t<\/div>\n<\/div>\n\n<div class=\"cbp-item xpro-post-grid-item\">\n\t\t\t<div class=\"xpro-post-grid-image\">\n\t\t\t<img loading=\"lazy\" decoding=\"async\" width=\"448\" height=\"336\" src=\"https:\/\/home.kab.info\/wp-content\/uploads\/2013\/12\/031.jpg\" class=\"attachment-full size-full\" alt=\"\" srcset=\"https:\/\/home.kab.info\/wp-content\/uploads\/2013\/12\/031.jpg 448w, https:\/\/home.kab.info\/wp-content\/uploads\/2013\/12\/031-300x224.jpg 300w, https:\/\/home.kab.info\/wp-content\/uploads\/2013\/12\/031-80x60.jpg 80w\" sizes=\"(max-width: 448px) 100vw, 448px\" \/>\t\t\t\t\t<\/div>\n\t\n\t<div class=\"xpro-post-grid-content\">\n\n\t\t\n\t\t\t\t\t<ul class=\"xpro-post-grid-meta-list\">\n\t\t\t\t\t\t\t\t\t\t\t\t\t\t\t<li class=\"xpro-post-grid-meta-date\">\n\t\t\t\t\t\t\t<i aria-hidden=\"true\" class=\"far fa-calendar\"><\/i>\t\t\t\t\t\t\t23 de diciembre de 2013\t\t\t\t\t\t<\/li>\n\t\t\t\t\t\t\t\t\t\t\t\t\t\t\t\n\t\t\t\t\t\t\t<\/ul>\n\t\t\n\t\t<a href=\"https:\/\/home.kab.info\/es\/una-persona-que-acaba-de-aterrizar-en-israel-y-ya-esta-tomando-cerveza-en-el-pub-jem\/\">\n\t\t\t<h2 class=\"xpro-post-grid-title\">Una persona que acaba de aterrizar en Israel y ya esta tomando cerveza en el pub Jem<\/h2>\n\t\t<\/a>\n\n\t\t\n\t\t\t\t\t<p class=\"xpro-post-grid-excerpt\">Una persona que acaba de aterrizar en Israel y ya esta tomando cerveza en el pub Jem<\/p>\n\t\t\t\t\t\t\n\t\t\n\t<\/div>\n<\/div>\n\n\t\t\t\t<\/div>\n\n\t\t\t\t\n\t\t\t\t\t<nav class=\"xpro-elementor-post-pagination\" role=\"navigation\"\n\t\t\t\t\t\t aria-label=\"Pagination\">\n\t\t\t\t\t\t<span aria-current=\"page\" class=\"page-numbers current\">1<\/span>\n<a class=\"page-numbers\" href=\"https:\/\/home.kab.info\/es\/wp-json\/wp\/v2\/pages\/41117\/page\/2\/\">2<\/a>\n<a class=\"page-numbers\" href=\"https:\/\/home.kab.info\/es\/wp-json\/wp\/v2\/pages\/41117\/page\/3\/\">3<\/a>\n<a class=\"page-numbers\" href=\"https:\/\/home.kab.info\/es\/wp-json\/wp\/v2\/pages\/41117\/page\/4\/\">4<\/a>\n<a class=\"next page-numbers\" href=\"https:\/\/home.kab.info\/es\/wp-json\/wp\/v2\/pages\/41117\/page\/2\/\"><span class=\"xpro-elementor-post-pagination-next-text\">\u05d4\u05d1\u05d0<\/span><i class=\"fasfa-arrow-right\"><\/i><\/a>\t\t\t\t\t<\/nav>\n\n\t\t\t\t\t\n\t\t<\/div>\n\n\t\t\t\t\t\t<\/div>\n\t\t\t\t<\/div>\n\t\t\t\t<\/div>\n\t\t\t\t<\/div>\n\t\t","protected":false},"excerpt":{"rendered":"<p>Hace 10 a\u00f1os No Posts Found! Sorry, but nothing matched your selection. Please try again with some different keywords.<\/p>\n","protected":false},"author":18,"featured_media":0,"parent":0,"menu_order":0,"comment_status":"closed","ping_status":"closed","template":"","meta":{"_acf_changed":false,"footnotes":""},"class_list":["post-41117","page","type-page","status-publish","hentry"],"acf":[],"_links":{"self":[{"href":"https:\/\/home.kab.info\/es\/wp-json\/wp\/v2\/pages\/41117","targetHints":{"allow":["GET"]}}],"collection":[{"href":"https:\/\/home.kab.info\/es\/wp-json\/wp\/v2\/pages"}],"about":[{"href":"https:\/\/home.kab.info\/es\/wp-json\/wp\/v2\/types\/page"}],"author":[{"embeddable":true,"href":"https:\/\/home.kab.info\/es\/wp-json\/wp\/v2\/users\/18"}],"replies":[{"embeddable":true,"href":"https:\/\/home.kab.info\/es\/wp-json\/wp\/v2\/comments?post=41117"}],"version-history":[{"count":15,"href":"https:\/\/home.kab.info\/es\/wp-json\/wp\/v2\/pages\/41117\/revisions"}],"predecessor-version":[{"id":41650,"href":"https:\/\/home.kab.info\/es\/wp-json\/wp\/v2\/pages\/41117\/revisions\/41650"}],"wp:attachment":[{"href":"https:\/\/home.kab.info\/es\/wp-json\/wp\/v2\/media?parent=41117"}],"curies":[{"name":"wp","href":"https:\/\/api.w.org\/{rel}","templated":true}]}}